{"id":11402,"date":"2024-01-22T12:40:44","date_gmt":"2024-01-22T12:40:44","guid":{"rendered":"https:\/\/www.tanes.com.tr\/?page_id=11402"},"modified":"2025-01-26T11:28:18","modified_gmt":"2025-01-26T11:28:18","slug":"is-gelistirme","status":"publish","type":"page","link":"https:\/\/www.tanes.com.tr\/en\/is-gelistirme\/","title":{"rendered":"BUSINESS DEVELOPMENT"},"content":{"rendered":"<div data-elementor-type=\"wp-page\" data-elementor-id=\"11402\" class=\"elementor elementor-11402\">\n\t\t\t\t<div class=\"elementor-element elementor-element-5a76ef4 e-flex e-con-boxed e-con e-parent\" data-id=\"5a76ef4\" data-element_type=\"container\" data-settings=\"{&quot;background_background&quot;:&quot;classic&quot;}\">\n\t\t\t\t\t<div class=\"e-con-inner\">\n\t\t<div class=\"elementor-element elementor-element-3806867 e-con-full e-flex e-con e-child\" data-id=\"3806867\" data-element_type=\"container\">\n\t\t\t\t<div class=\"elementor-element elementor-element-50d3c46 elementor-widget elementor-widget-heading\" data-id=\"50d3c46\" data-element_type=\"widget\" data-widget_type=\"heading.default\">\n\t\t\t\t<div class=\"elementor-widget-container\">\n\t\t\t\t\t<h1 class=\"elementor-heading-title elementor-size-default\">BUSINESS DEVELOPMENT<\/h1>\t\t\t\t<\/div>\n\t\t\t\t<\/div>\n\t\t\t\t<\/div>\n\t\t\t\t\t<\/div>\n\t\t\t\t<\/div>\n\t\t<div class=\"elementor-element elementor-element-d27d63f e-flex e-con-boxed e-con e-parent\" data-id=\"d27d63f\" data-element_type=\"container\" data-settings=\"{&quot;background_background&quot;:&quot;classic&quot;}\">\n\t\t\t\t\t<div class=\"e-con-inner\">\n\t\t<div class=\"elementor-element elementor-element-5d8cfbe e-con-full e-flex e-con e-child\" data-id=\"5d8cfbe\" data-element_type=\"container\">\n\t\t\t\t<div class=\"elementor-element elementor-element-bdc86f4 elementor-widget elementor-widget-heading\" data-id=\"bdc86f4\" data-element_type=\"widget\" data-widget_type=\"heading.default\">\n\t\t\t\t<div class=\"elementor-widget-container\">\n\t\t\t\t\t<h4 class=\"elementor-heading-title elementor-size-default\">TANES Registration &amp; Quality Consulting is an ethical, reliable, sustainable partner\u2026<\/h4>\t\t\t\t<\/div>\n\t\t\t\t<\/div>\n\t\t\t\t<div class=\"elementor-element elementor-element-6510c49 elementor-widget elementor-widget-text-editor\" data-id=\"6510c49\" data-element_type=\"widget\" data-widget_type=\"text-editor.default\">\n\t\t\t\t<div class=\"elementor-widget-container\">\n\t\t\t\t\t\t\t\t\t<ul><li>Conducting in-licensing activities on behalf of the Company without the need for companies to develop the product or technology in-house in order to expand their product portfolio, provide access to innovative technologies and enter new therapeutic markets,<\/li><li>Conduct out-licensing activities on behalf of the Company to enable companies to enter new markets quickly and effectively,<\/li><li>Co-marketing.<\/li><\/ul>\t\t\t\t\t\t\t\t<\/div>\n\t\t\t\t<\/div>\n\t\t\t\t<\/div>\n\t\t\t\t\t<\/div>\n\t\t\t\t<\/div>\n\t\t<div class=\"elementor-element elementor-element-a93ba34 e-con-full e-flex e-con e-parent\" data-id=\"a93ba34\" data-element_type=\"container\">\n\t\t<div class=\"elementor-element elementor-element-263b1a1 e-con-full e-flex e-con e-child\" data-id=\"263b1a1\" data-element_type=\"container\" data-settings=\"{&quot;background_background&quot;:&quot;classic&quot;}\">\n\t\t\t\t<\/div>\n\t\t<div class=\"elementor-element elementor-element-2900f48 e-con-full e-flex e-con e-child\" data-id=\"2900f48\" data-element_type=\"container\" data-settings=\"{&quot;background_background&quot;:&quot;classic&quot;}\">\n\t\t\t\t<\/div>\n\t\t<div class=\"elementor-element elementor-element-4fae009 e-con-full e-flex e-con e-child\" data-id=\"4fae009\" data-element_type=\"container\" data-settings=\"{&quot;background_background&quot;:&quot;classic&quot;}\">\n\t\t\t\t<\/div>\n\t\t<div class=\"elementor-element elementor-element-b69af98 e-con-full e-flex e-con e-child\" data-id=\"b69af98\" data-element_type=\"container\" data-settings=\"{&quot;background_background&quot;:&quot;classic&quot;}\">\n\t\t\t\t<\/div>\n\t\t<div class=\"elementor-element elementor-element-65edaaa e-con-full e-flex e-con e-child\" data-id=\"65edaaa\" data-element_type=\"container\" data-settings=\"{&quot;background_background&quot;:&quot;classic&quot;}\">\n\t\t\t\t<\/div>\n\t\t\t\t<\/div>\n\t\t<div class=\"elementor-element elementor-element-2522b60 e-flex e-con-boxed e-con e-parent\" data-id=\"2522b60\" data-element_type=\"container\" data-settings=\"{&quot;background_background&quot;:&quot;classic&quot;}\">\n\t\t\t\t\t<div class=\"e-con-inner\">\n\t\t\t\t\t<\/div>\n\t\t\t\t<\/div>\n\t\t\t\t<\/div>","protected":false},"excerpt":{"rendered":"<p>\u0130\u015e GEL\u0130\u015eT\u0130ME TANES Ruhsatland\u0131rma &amp; Kalite Dan\u0131\u015fmanl\u0131k etik, gu\u0308venilir, su\u0308rdu\u0308ru\u0308lebilir bir ortak\u2026 \u015eirketlerin \u00fcr\u00fcn portf\u00f6ylerini geni\u015fletmek, yenilik\u00e7i teknolojilere eri\u015fim sa\u011flamak ve yeni terap\u00f6tik pazarlara girmek i\u00e7in \u00fcr\u00fcn\u00fc veya teknolojiyi \u015firket i\u00e7inde geli\u015ftirmelerine gerek kalmadan \u015eirket ad\u0131na lisanslama faaliyetleri y\u00fcr\u00fctmek, \u015eirketlerin yeni pazarlara h\u0131zl\u0131 ve etkili bir \u015fekilde girmesini sa\u011flamak i\u00e7in \u015eirket ad\u0131na d\u0131\u015f lisanslama faaliyetleri [&hellip;]<\/p>","protected":false},"author":1,"featured_media":0,"parent":0,"menu_order":0,"comment_status":"closed","ping_status":"closed","template":"elementor_header_footer","meta":{"site-sidebar-layout":"left-sidebar","site-content-layout":null,"ast-site-content-layout":"full-width-container","site-content-style":"default","site-sidebar-style":"default","ast-global-header-display":"","ast-banner-title-visibility":"","ast-main-header-display":"enabled","ast-hfb-above-header-display":null,"ast-hfb-below-header-display":"","ast-hfb-mobile-header-display":"enabled","site-post-title":"enabled","ast-breadcrumbs-content":null,"ast-featured-img":"enabled","footer-sml-layout":"enabled","theme-transparent-header-meta":"enabled","adv-header-id-meta":null,"stick-header-meta":null,"header-above-stick-meta":null,"header-main-stick-meta":null,"header-below-stick-meta":null,"astra-migrate-meta-layouts":"set","ast-page-background-enabled":"default","ast-page-background-meta":{"desktop":{"background-color":"var(--ast-global-color-4)","background-image":"","background-repeat":"repeat","background-position":"center center","background-size":"auto","background-attachment":"scroll","background-type":"","background-media":"","overlay-type":"","overlay-color":"","overlay-opacity":"","overlay-gradient":""},"tablet":{"background-color":"","background-image":"","background-repeat":"repeat","background-position":"center center","background-size":"auto","background-attachment":"scroll","background-type":"","background-media":"","overlay-type":"","overlay-color":"","overlay-opacity":"","overlay-gradient":""},"mobile":{"background-color":"","background-image":"","background-repeat":"repeat","background-position":"center center","background-size":"auto","background-attachment":"scroll","background-type":"","background-media":"","overlay-type":"","overlay-color":"","overlay-opacity":"","overlay-gradient":""}},"ast-content-background-meta":{"desktop":{"background-color":"var(--ast-global-color-5)","background-image":"","background-repeat":"repeat","background-position":"center center","background-size":"auto","background-attachment":"scroll","background-type":"","background-media":"","overlay-type":"","overlay-color":"","overlay-opacity":"","overlay-gradient":""},"tablet":{"background-color":"var(--ast-global-color-5)","background-image":"","background-repeat":"repeat","background-position":"center center","background-size":"auto","background-attachment":"scroll","background-type":"","background-media":"","overlay-type":"","overlay-color":"","overlay-opacity":"","overlay-gradient":""},"mobile":{"background-color":"var(--ast-global-color-5)","background-image":"","background-repeat":"repeat","background-position":"center center","background-size":"auto","background-attachment":"scroll","background-type":"","background-media":"","overlay-type":"","overlay-color":"","overlay-opacity":"","overlay-gradient":""}},"footnotes":""},"class_list":["post-11402","page","type-page","status-publish","hentry"],"_links":{"self":[{"href":"https:\/\/www.tanes.com.tr\/en\/wp-json\/wp\/v2\/pages\/11402","targetHints":{"allow":["GET"]}}],"collection":[{"href":"https:\/\/www.tanes.com.tr\/en\/wp-json\/wp\/v2\/pages"}],"about":[{"href":"https:\/\/www.tanes.com.tr\/en\/wp-json\/wp\/v2\/types\/page"}],"author":[{"embeddable":true,"href":"https:\/\/www.tanes.com.tr\/en\/wp-json\/wp\/v2\/users\/1"}],"replies":[{"embeddable":true,"href":"https:\/\/www.tanes.com.tr\/en\/wp-json\/wp\/v2\/comments?post=11402"}],"version-history":[{"count":3,"href":"https:\/\/www.tanes.com.tr\/en\/wp-json\/wp\/v2\/pages\/11402\/revisions"}],"predecessor-version":[{"id":12413,"href":"https:\/\/www.tanes.com.tr\/en\/wp-json\/wp\/v2\/pages\/11402\/revisions\/12413"}],"wp:attachment":[{"href":"https:\/\/www.tanes.com.tr\/en\/wp-json\/wp\/v2\/media?parent=11402"}],"curies":[{"name":"wp","href":"https:\/\/api.w.org\/{rel}","templated":true}]}}